{"id":653,"date":"2023-06-12T20:54:59","date_gmt":"2023-06-12T20:54:59","guid":{"rendered":"https:\/\/silesia-devices.com\/?page_id=653"},"modified":"2023-06-12T20:55:00","modified_gmt":"2023-06-12T20:55:00","slug":"klauzula-informacyjna","status":"publish","type":"page","link":"https:\/\/silesia-devices.com\/index.php\/klauzula-informacyjna\/","title":{"rendered":"Klauzula informacyjna"},"content":{"rendered":"\n<p>Niniejszym informujemy, \u017ce przetwarzamy Pa\u0144stwa dane osobowe zgodnie z Rozporz\u0105dzeniem Parlamentu Europejskiego i Rady (UE) 2016\/679 z dnia 27 kwietnia 2016 r., w sprawie ochrony os\u00f3b fizycznych w zwi\u0105zku z przetwarzaniem danych osobowych i w sprawie swobodnego przep\u0142ywu takich danych oraz uchylenia dyrektywy 95\/46\/WE (\u201eRODO\u201d). Szczeg\u00f3\u0142y zamieszczamy poni\u017cej.<\/p>\n\n\n\n<p><strong>Administrator danych osobowych<\/strong><\/p>\n\n\n\n<p>Administratorem Pa\u0144stwa danych osobowych jest Biuro<br>Projektowo-Us\u0142ugowe Silesia Devices sp\u00f3\u0142ka z ograniczon\u0105 odpowiedzialno\u015bci\u0105 z siedzib\u0105 w Katowicach, przy ul. Panewnickiej 22, 40-709 Katowice, NIP: 6342821571, REGON: 243372383, KRS: 0000477894, zwany dalej \u201eAdministratorem\u201d.&nbsp;<\/p>\n\n\n\n<p><strong>Inspektor Ochrony Danych (IOD)<\/strong><\/p>\n\n\n\n<p>Administrator wyznaczy\u0142 inspektora ochrony danych (\u201eIOD\u201d), z kt\u00f3rym mo\u017cna kontaktowa\u0107 si\u0119 we wszystkich sprawach dotycz\u0105cych przetwarzania danych osobowych oraz korzystania z praw zwi\u0105zanych z przetwarzaniem Pa\u0144stwa danych osobowych, elektronicznie poprzez adres e-mail: <a href=\"mailto:iod@silesia-devices.com\">iod@silesia-devices.com<\/a> lub pod adresem pocztowym siedziby Administratora wskazanym powy\u017cej.<\/p>\n\n\n\n<p><strong>Rodzaj przetwarzanych danych<\/strong><\/p>\n\n\n\n<p>Przetwarzamy mi\u0119dzy innymi nast\u0119puj\u0105ce rodzaje danych osobowych: imi\u0119, nazwisko, numer telefonu, adres mailowy oraz inne dane, jakie podadz\u0105 nam Pa\u0144stwo w toku wype\u0142niania formularza kontaktowego i dalszego kontaktu w sprawie, z kt\u00f3r\u0105 zwr\u00f3cili\u015bcie si\u0119 Pa\u0144stwo do nas. Ponadto mo\u017cemy automatycznie zbiera\u0107 dane techniczne dotycz\u0105ce wizyty u\u017cytkownika w naszych serwisach (np. adres IP, nazwa domeny, typ przegl\u0105darki, z kt\u00f3rej Pa\u0144stwo korzystaj\u0105, typ systemu operacyjnego itp.).<\/p>\n\n\n\n<p><strong>\u0179r\u00f3d\u0142o danych<\/strong><\/p>\n\n\n\n<p>Pa\u0144stwa dane osobowe zbieramy bezpo\u015brednio od Pa\u0144stwa w momencie wype\u0142nienia formularza kontaktowego, wyra\u017caj\u0105c zgod\u0119 na kontakt poprzez telekomunikacyjne urz\u0105dzenie ko\u0144cowe (np. telefon) lub w momencie korzystania z naszego serwisu.&nbsp;<\/p>\n\n\n\n<p><strong>Cel przetwarzania:<\/strong><\/p>\n\n\n\n<p>Pa\u0144stwa dane osobowe przetwarzane s\u0105 w celach:<\/p>\n\n\n\n<ul class=\"wp-block-list\">\n<li>udzielenia odpowiedzi na wiadomo\u015b\u0107 przes\u0142an\u0105 za pomoc\u0105 formularza kontaktowego, to jest w celu podj\u0119cia dzia\u0142a\u0144 na \u017c\u0105danie osoby, kt\u00f3rej dane dotycz\u0105;<\/li>\n\n\n\n<li>realizacj\u0119 lub d\u0105\u017cenie do zawarcia umowy z Administratorem, w szczeg\u00f3lno\u015bci umowy sprzeda\u017cy produktu, umowy sprzeda\u017cy us\u0142ug, umowy wsp\u00f3lnej realizacji projektu lub przedsi\u0119wzi\u0119cia;<\/li>\n\n\n\n<li>wynikaj\u0105cych z prawnie uzasadnionych interes\u00f3w Administratora, jakim jest m.in. przedstawienie szczeg\u00f3\u0142\u00f3w oferty w zwi\u0105zku z przes\u0142anym zapytaniem ofertowym, ustalenia, obrony i dochodzenia roszcze\u0144 oraz tworzenia zestawie\u0144, analiz i statystyk na potrzeby wewn\u0119trzne Administratora, dopasowania tre\u015bci us\u0142ug Administratora (np. serwis\u00f3w internetowych) do Pa\u0144stwa potrzeb, zapewnienia bezpiecze\u0144stwa tych us\u0142ug, a tak\u017ce ich ci\u0105g\u0142e udoskonalanie oraz rozpatrywanie zapyta\u0144 i reklamacji produkt\u00f3w i us\u0142ug Administratora, (podstawa z art. 6 ust. 1 lit. f) RODO),<\/li>\n\n\n\n<li>w przypadku, gdyby przetwarzanie Pa\u0144stwa danych osobowych mia\u0142o nast\u0105pi\u0107 w innym celu ni\u017c wskazane powy\u017cej, ka\u017cdorazowo odbywa\u0107 si\u0119 b\u0119dzie po uprzednim uzyskaniu Pa\u0144stwa zgody na przetwarzanie danych osobowych, w zakresie i w celu wskazanym w tej zgodzie (podstawa z art. 6 ust. 1 lit. a) RODO).<\/li>\n<\/ul>\n\n\n\n<p><strong>Odbiorcy danych osobowych<\/strong><\/p>\n\n\n\n<p>Pa\u0144stwa dane osobowe mog\u0105 by\u0107 przekazywane:<\/p>\n\n\n\n<ol class=\"wp-block-list\">\n<li>Upowa\u017cnionym pracownikom i wsp\u00f3\u0142pracownikom administratora danych.<\/li>\n\n\n\n<li>Podmiotom wsp\u00f3\u0142pracuj\u0105cym z Administratorem, w szczeg\u00f3lno\u015bci dostawcom system\u00f3w informatycznych i us\u0142ug IT oraz dostawcom us\u0142ug zaopatruj\u0105cym Administratora w rozwi\u0105zania techniczne, informatyczne oraz organizacyjne, umo\u017cliwiaj\u0105ce Administratorowi prowadzenie dzia\u0142alno\u015bci gospodarczej, w tym naszych serwis\u00f3w i \u015bwiadczonych za ich po\u015brednictwem us\u0142ug elektronicznych (w szczeg\u00f3lno\u015bci dostawcom oprogramowania komputerowego do prowadzenia naszych serwis\u00f3w, dostawcom poczty elektronicznej i hostingu oraz dostawcom oprogramowania do zarz\u0105dzania firm\u0105 i udzielania pomocy technicznej Administratorowi), wybranym przewo\u017anikom lub po\u015brednikom realizuj\u0105cym przesy\u0142ki na nasze zlecenie, dostawcom us\u0142ug ksi\u0119gowych, prawnych i doradczych zapewniaj\u0105cych Administratorowi wsparcie ksi\u0119gowe, prawne lub doradcze (w szczeg\u00f3lno\u015bci biurom ksi\u0119gowym, kancelariom prawnym lub firmom windykacyjnym), dostawcom wtyczek spo\u0142eczno\u015bciowych, skrypt\u00f3w oraz narz\u0119dzi umo\u017cliwiaj\u0105cych integracj\u0119 strony serwisu i \u015bwiadczonych za jego po\u015brednictwem us\u0142ug z us\u0142ugami elektronicznymi zewn\u0119trznych portali spo\u0142eczno\u015bciowych.<\/li>\n\n\n\n<li>Podmiotom upowa\u017cnionym do tego na podstawie powszechnie obowi\u0105zuj\u0105cych przepis\u00f3w prawa.<\/li>\n<\/ol>\n\n\n\n<p><strong>Przekazanie danych osobowych do pa\u0144stw trzecich lub organizacji mi\u0119dzynarodowych<\/strong><\/p>\n\n\n\n<p>Administrator mo\u017ce przekaza\u0107 dane osobowe do pa\u0144stw trzecich, tj. kraj\u00f3w znajduj\u0105cych si\u0119 poza Europejskim Obszarem Gospodarczym. Pa\u0144stwa dane mog\u0105 by\u0107 przekazywane wy\u0142\u0105cznie do pa\u0144stw trzecich lub podmiot\u00f3w w stosunku do kt\u00f3rych decyzj\u0105 Komisji Europejskiej stwierdzono odpowiedni stopie\u0144 ochrony danych. W razie braku decyzji Komisji Europejskiej, stwierdzaj\u0105cej odpowiedni stopie\u0144 ochrony okre\u015blonej w art. 45 ust. 3 RODO Pa\u0144stwa dane osobowe mog\u0105 by\u0107 przekazywane do pa\u0144stwa trzeciego wy\u0142\u0105cznie na podstawie: wi\u0105\u017c\u0105cych regu\u0142 korporacyjnych, standardowych klauzul ochrony danych przyj\u0119tych przez Komisj\u0119 Europejsk\u0105, standardowych klauzul ochrony danych przyj\u0119tych przez polski organ nadzorczy i zatwierdzonych przez Komisj\u0119, zatwierdzonego kodeksu post\u0119powania lub zatwierdzonego mechanizmu certyfikacji (art. 46 RODO). W razie braku decyzji Komisji Europejskiej stwierdzaj\u0105cej odpowiedni poziom ochrony danych osobowych na gruncie prawodawstwa pa\u0144stwa trzeciego lub braku stosowania odpowiednich zabezpiecze\u0144 prawnych, Pa\u0144stwa dane osobowe mog\u0105 by\u0107 przekazane do pa\u0144stwa trzeciego na podstawie jednej z przes\u0142anek wymienionych w art. 49 ust. 1 RODO, w tym w szczeg\u00f3lno\u015bci na podstawie Pa\u0144stwa wyra\u017anej zgody. Przys\u0142uguje Pa\u0144stwu prawo do uzyskania kopii danych osobowych przekazanych do pa\u0144stwa trzeciego.<\/p>\n\n\n\n<p><strong>Okres przechowywania danych<\/strong><\/p>\n\n\n\n<p>Okres przetwarzania Pa\u0144stwa danych osobowych jest uzale\u017cniony od celu w jakim dane s\u0105 przetwarzane:<\/p>\n\n\n\n<ul class=\"wp-block-list\">\n<li>W przypadku przetwarzania na podstawie udzielonej zgody, w tym w celach marketingowych, do czasu otrzymania informacji o wycofaniu zgody. Wyra\u017cenie zgody jest dobrowolne, dlatego mog\u0105 j\u0105 Pa\u0144stwo w ka\u017cdym momencie wycofa\u0107 i nie b\u0119dzie to mia\u0142o wp\u0142ywu na zgodno\u015b\u0107 z prawem przetwarzania, kt\u00f3rego dokonano na jej podstawie przed wycofaniem.<\/li>\n\n\n\n<li>Gdy przetwarzanie danych jest niezb\u0119dne do zawarcia umowy cywilnoprawnej, b\u0119dziemy przetwarza\u0107 dane do czasu up\u0142ywu ewentualnych termin\u00f3w przedawnienia roszcze\u0144 z umowy oraz z zastrze\u017ceniem w\u0142a\u015bciwych przepis\u00f3w powszechnie obowi\u0105zuj\u0105cego prawa.<\/li>\n\n\n\n<li>Przez okres, kt\u00f3ry jest niezb\u0119dny do ochrony naszych interes\u00f3w jako administratora danych.<\/li>\n\n\n\n<li>W odniesieniu do pozosta\u0142ych cel\u00f3w opartych na naszym uzasadnionym interesie przez okres wa\u017cno\u015bci tych cel\u00f3w albo do czasu, a\u017c zg\u0142osz\u0105 Pa\u0144stwo sw\u00f3j sprzeciw.<\/li>\n<\/ul>\n\n\n\n<p><strong>Prawa przys\u0142uguj\u0105ce w zwi\u0105zku z ochron\u0105 danych osobowych<\/strong><\/p>\n\n\n\n<p>Przys\u0142uguje Pa\u0144stwu prawo do:<\/p>\n\n\n\n<ul class=\"wp-block-list\">\n<li>Dost\u0119pu do tre\u015bci swoich danych.<\/li>\n\n\n\n<li>\u017b\u0105dania sprostowania danych.<\/li>\n\n\n\n<li>Usuni\u0119cia danych lub ograniczenia ich przetwarzania, w przypadkach przewidzianych prawem.<\/li>\n\n\n\n<li>Uzyskania kopii Pa\u0144stwa danych.<\/li>\n\n\n\n<li>Przeniesienia danych osobowych.<\/li>\n\n\n\n<li>Wycofania w dowolnym momencie zgody na przetwarzanie danych.&nbsp;<\/li>\n\n\n\n<li>Wniesienia w dowolnym momencie sprzeciwu wobec przetwarzania Pa\u0144stwa danych osobowych w zakresie, w jakim podstaw\u0105 przetwarzania danych osobowych jest prawnie usprawiedliwiony interes Administratora, w tym ze wzgl\u0119du na Pa\u0144stwa szczeg\u00f3ln\u0105 sytuacj\u0119.<\/li>\n\n\n\n<li>Wniesienia skargi do organu nadzorczego, tj. Prezesa Urz\u0119du Ochrony Danych Osobowych, ul. Stawki 2, 00-193 Warszawa, gdy uznaj\u0105 Pa\u0144stwo, \u017ce Administrator podczas przetwarzania Pa\u0144stwa danych osobowych naruszy\u0142 przepisy RODO.<\/li>\n<\/ul>\n\n\n\n<p>W przypadku gdy macie Pa\u0144stwo zastrze\u017cenia co do sposobu, w jaki przetwarzamy Pa\u0144stwa dane, prosimy w pierwszej kolejno\u015bci o kontakt z nami elektronicznie poprzez adres e-mail: <a href=\"mailto:iod@silesia-devices.com\">iod@silesia-devices.com<\/a> lub pod adresem pocztowym siedziby Administratora wskazanym powy\u017cej.<\/p>\n\n\n\n<p><strong>Informacja o wymogu\/dobrowolno\u015bci podania danych osobowych<\/strong><\/p>\n\n\n\n<p>Podanie danych osobowych okre\u015blonych w formularzu kontaktowym jako wymaganych jest wymogiem umownym oraz dobrowolnym i b\u0119dzie wyodr\u0119bnione na formularzu. Brak podania tych danych osobowych skutkowa\u0107 jednak b\u0119dzie brakiem mo\u017cliwo\u015bci przes\u0142ania wiadomo\u015bci za pomoc\u0105 formularza. Maj\u0105 Pa\u0144stwo prawo do cofni\u0119cia wyra\u017conej zgody w dowolnym momencie. Wycofanie zgody nie ma wp\u0142ywu na zgodno\u015b\u0107 z prawem przetwarzania Pa\u0144stwa danych, kt\u00f3rego dokonano na podstawie udzielonej zgody przed jej cofni\u0119ciem.<\/p>\n\n\n\n<p><strong>Polityka prywatno\u015bci<\/strong><\/p>\n\n\n\n<p>Wi\u0119cej informacji na temat przetwarzania Pa\u0144stwa danych osobowych, w tym szczeg\u00f3\u0142owe zasady dotycz\u0105ce przetwarzania danych w naszych serwisach internetowych oraz w ramach \u015bwiadczenia przez nas innych us\u0142ug, zosta\u0142y okre\u015blone w naszej Polityce prywatno\u015bci dost\u0119pnej pod adresem <a href=\"https:\/\/silesia-devices.com\/index.php\/polityka-prywatnosci\/\">https:\/\/silesia-devices.com\/index.php\/polityka-prywatnosci\/<\/a>&nbsp;<\/p>\n","protected":false},"excerpt":{"rendered":"<p>Niniejszym informujemy, \u017ce przetwarzamy Pa\u0144stwa dane osobowe zgodnie z Rozporz\u0105dzeniem Parlamentu Europejskiego i Rady (UE) 2016\/679 z dnia 27 kwietnia 2016 r., w sprawie ochrony os\u00f3b fizycznych w zwi\u0105zku z przetwarzaniem danych osobowych i w sprawie swobodnego przep\u0142ywu takich danych oraz uchylenia dyrektywy 95\/46\/WE (\u201eRODO\u201d). Szczeg\u00f3\u0142y zamieszczamy poni\u017cej. Administrator danych osobowych Administratorem Pa\u0144stwa danych osobowych [&hellip;]<\/p>\n","protected":false},"author":1,"featured_media":0,"parent":0,"menu_order":0,"comment_status":"closed","ping_status":"closed","template":"","meta":{"ocean_post_layout":"","ocean_both_sidebars_style":"","ocean_both_sidebars_content_width":0,"ocean_both_sidebars_sidebars_width":0,"ocean_sidebar":"0","ocean_second_sidebar":"0","ocean_disable_margins":"enable","ocean_add_body_class":"","ocean_shortcode_before_top_bar":"","ocean_shortcode_after_top_bar":"","ocean_shortcode_before_header":"","ocean_shortcode_after_header":"","ocean_has_shortcode":"","ocean_shortcode_after_title":"","ocean_shortcode_before_footer_widgets":"","ocean_shortcode_after_footer_widgets":"","ocean_shortcode_before_footer_bottom":"","ocean_shortcode_after_footer_bottom":"","ocean_display_top_bar":"default","ocean_display_header":"default","ocean_header_style":"","ocean_center_header_left_menu":"0","ocean_custom_header_template":"0","ocean_custom_logo":0,"ocean_custom_retina_logo":0,"ocean_custom_logo_max_width":0,"ocean_custom_logo_tablet_max_width":0,"ocean_custom_logo_mobile_max_width":0,"ocean_custom_logo_max_height":0,"ocean_custom_logo_tablet_max_height":0,"ocean_custom_logo_mobile_max_height":0,"ocean_header_custom_menu":"0","ocean_menu_typo_font_family":"0","ocean_menu_typo_font_subset":"","ocean_menu_typo_font_size":0,"ocean_menu_typo_font_size_tablet":0,"ocean_menu_typo_font_size_mobile":0,"ocean_menu_typo_font_size_unit":"px","ocean_menu_typo_font_weight":"","ocean_menu_typo_font_weight_tablet":"","ocean_menu_typo_font_weight_mobile":"","ocean_menu_typo_transform":"","ocean_menu_typo_transform_tablet":"","ocean_menu_typo_transform_mobile":"","ocean_menu_typo_line_height":0,"ocean_menu_typo_line_height_tablet":0,"ocean_menu_typo_line_height_mobile":0,"ocean_menu_typo_line_height_unit":"","ocean_menu_typo_spacing":0,"ocean_menu_typo_spacing_tablet":0,"ocean_menu_typo_spacing_mobile":0,"ocean_menu_typo_spacing_unit":"","ocean_menu_link_color":"","ocean_menu_link_color_hover":"","ocean_menu_link_color_active":"","ocean_menu_link_background":"","ocean_menu_link_hover_background":"","ocean_menu_link_active_background":"","ocean_menu_social_links_bg":"","ocean_menu_social_hover_links_bg":"","ocean_menu_social_links_color":"","ocean_menu_social_hover_links_color":"","ocean_disable_title":"default","ocean_disable_heading":"default","ocean_post_title":"","ocean_post_subheading":"","ocean_post_title_style":"","ocean_post_title_background_color":"","ocean_post_title_background":0,"ocean_post_title_bg_image_position":"","ocean_post_title_bg_image_attachment":"","ocean_post_title_bg_image_repeat":"","ocean_post_title_bg_image_size":"","ocean_post_title_height":0,"ocean_post_title_bg_overlay":0.5,"ocean_post_title_bg_overlay_color":"","ocean_disable_breadcrumbs":"default","ocean_breadcrumbs_color":"","ocean_breadcrumbs_separator_color":"","ocean_breadcrumbs_links_color":"","ocean_breadcrumbs_links_hover_color":"","ocean_display_footer_widgets":"default","ocean_display_footer_bottom":"default","ocean_custom_footer_template":"0","footnotes":""},"class_list":["post-653","page","type-page","status-publish","hentry","entry"],"_links":{"self":[{"href":"https:\/\/silesia-devices.com\/index.php\/wp-json\/wp\/v2\/pages\/653","targetHints":{"allow":["GET"]}}],"collection":[{"href":"https:\/\/silesia-devices.com\/index.php\/wp-json\/wp\/v2\/pages"}],"about":[{"href":"https:\/\/silesia-devices.com\/index.php\/wp-json\/wp\/v2\/types\/page"}],"author":[{"embeddable":true,"href":"https:\/\/silesia-devices.com\/index.php\/wp-json\/wp\/v2\/users\/1"}],"replies":[{"embeddable":true,"href":"https:\/\/silesia-devices.com\/index.php\/wp-json\/wp\/v2\/comments?post=653"}],"version-history":[{"count":1,"href":"https:\/\/silesia-devices.com\/index.php\/wp-json\/wp\/v2\/pages\/653\/revisions"}],"predecessor-version":[{"id":654,"href":"https:\/\/silesia-devices.com\/index.php\/wp-json\/wp\/v2\/pages\/653\/revisions\/654"}],"wp:attachment":[{"href":"https:\/\/silesia-devices.com\/index.php\/wp-json\/wp\/v2\/media?parent=653"}],"curies":[{"name":"wp","href":"https:\/\/api.w.org\/{rel}","templated":true}]}}