{"id":211,"date":"2020-12-04T14:44:26","date_gmt":"2020-12-04T13:44:26","guid":{"rendered":"https:\/\/silesia-devices.com\/?page_id=211"},"modified":"2023-04-19T09:35:22","modified_gmt":"2023-04-19T09:35:22","slug":"public-announcements-ogloszenia-publiczne","status":"publish","type":"page","link":"https:\/\/silesia-devices.com\/index.php\/public-announcements-ogloszenia-publiczne\/","title":{"rendered":"Public Announcements \/ Og\u0142oszenia Publiczne"},"content":{"rendered":"\n<p class=\"has-black-color has-text-color\">Biuro Projektowo-Us\u0142ugowe&nbsp;&nbsp;&nbsp;&nbsp;&nbsp;&nbsp;&nbsp;&nbsp;                 &nbsp;&nbsp;&nbsp;&nbsp;&nbsp;&nbsp;&nbsp;&nbsp;&nbsp; &nbsp;&nbsp;&nbsp;&nbsp;&nbsp;&nbsp;&nbsp;&nbsp;                          &nbsp;&nbsp;&nbsp;&nbsp;&nbsp;&nbsp;&nbsp;&nbsp;&nbsp;&nbsp;&nbsp;&nbsp;&nbsp;&nbsp;&nbsp;                                                                            &nbsp;&nbsp;&nbsp;&nbsp;&nbsp; Katowice 17.12.2020<br>Silesia Devices Sp. z o.o.<br>ul. Ko\u015bciuszki 26\/7,<br>40-048 Katowice, Polska<\/p>\n\n\n\n<p class=\"has-black-color has-text-color has-medium-font-size\"><strong>Information on the result of the tender procedure<\/strong><\/p>\n\n\n\n<p class=\"has-black-color has-text-color\">As a result of the inquiry procedure of December 5th, 2020, for the purchase of virtual components (IP cores) of the MJPEG encoder and Ethernet controller for the project &#8220;Tell multiple stories with a single camera \u2013 leveraging AI and FPGAs for 4x real-time cinematography&#8221; co-financed in the Eurostars-2 competition as part of the EUREKA and European Union initiative, the tender submitted by CAST Inc., 11 Stonewall Ct., Woodcliff Lake, NJ 07677, USA was selected.<\/p>\n\n\n\n<p class=\"has-black-color has-text-color\">Four proposals were received, and the selected offer was the only one that was fully comprehensive, especially in terms of the Ethernet controller requirements.<\/p>\n\n\n\n<p class=\"has-black-color has-text-color has-medium-font-size\"><strong>Informacja o wyniku post\u0119powania ofertowego<\/strong><\/p>\n\n\n\n<p class=\"has-black-color has-text-color\">W wyniku post\u0119powania dotycz\u0105cego zapytania ofertowego z dnia 5go grudnia 2020 na zakup komponent\u00f3w wirtualnych (IP cores) kodera MJPEG and kontrolera Ethernet do projektu \u201ePrzedstaw jednocze\u015bnie cztery sceny za pomoc\u0105 jednej kamery, u\u017cywaj\u0105c sztucznej inteligencji i uk\u0142ad\u00f3w FPGA\u201d wsp\u00f3\u0142finansowanego w konkursie Eurostars-2 w ramach inicjatywy EUREKA i Unii Europejskiej, wybrano ofert\u0119 z\u0142o\u017con\u0105 przez CAST Inc., 11 Stonewall Ct., Woodcliff Lake, NJ 07677, USA.<\/p>\n\n\n\n<p class=\"has-black-color has-text-color\">Wp\u0142yn\u0119\u0142y 4 oferty, przy czym wybrana oferta jako jedyna by\u0142a w pe\u0142ni kompleksowa, szczeg\u00f3lnie pod k\u0105tem wymaga\u0144 dla kontrolera Ethernet.<\/p>\n\n\n\n<p><\/p>\n\n\n\n<p><\/p>\n\n\n\n<p><\/p>\n\n\n\n<p class=\"has-text-align-center\"><strong><span style=\"color:#000000\" class=\"tadv-color\">Request for Proposals<br>for MJPEG encoder and Ethernet Controller IP core netlists<\/span><\/strong><\/p>\n\n\n\n<figure class=\"wp-block-table\"><table><tbody><tr><td><strong><span style=\"color:#000000\" class=\"tadv-color\">Procuring entity<\/span><\/strong><\/td><td><span style=\"color:#000000\" class=\"tadv-color\">Biuro Projektowo-Us\u0142ugowe Silesia Devices Sp. z o.o. ul. Ko\u015bciuszki 26\/7, 40-048 Katowice, Poland<\/span><\/td><\/tr><tr><td><strong><span style=\"color:#000000\" class=\"tadv-color\">Issue date<\/span><\/strong><\/td><td><span style=\"color:#000000\" class=\"tadv-color\">December 5<sup>th<\/sup>, 2020<\/span><\/td><\/tr><tr><td><strong><span style=\"color:#000000\" class=\"tadv-color\">Proposal due date<\/span><\/strong><\/td><td><span style=\"color:#000000\" class=\"tadv-color\">December 15<sup>th<\/sup>, 2020<\/span><\/td><\/tr><tr><td><strong><span style=\"color:#000000\" class=\"tadv-color\">Send proposals via email to<\/span><\/strong><\/td><td><a href=\"mailto:jacek.tyminski@silesia-devices.com\">jacek.tyminski@silesia-devices.com<\/a><span style=\"color:#000000\" class=\"tadv-color\"> (Jacek Tyminski)<\/span><\/td><\/tr><tr><td><strong><span style=\"color:#000000\" class=\"tadv-color\">Contact for RFP questions and communications<\/span><\/strong><\/td><td><span style=\"color:#000000\" class=\"tadv-color\">General:<\/span> <a href=\"mailto:info@silesia-devices.com\">info@silesia-devices.com<\/a> <br><span style=\"color:#000000\" class=\"tadv-color\">Formal information: Jacek Tyminski,<\/span> <a href=\"mailto:jacek.tyminski@silesia-devices.com\">jacek.tyminski@silesia-devices.com<\/a><span style=\"color:#000000\" class=\"tadv-color\">, +48&nbsp;604&nbsp;987&nbsp;859 Technical Information: Maciej Pyka,<\/span> <a href=\"mailto:maciej.pyka@silesia-devices.com\">maciej.pyka@silesia-devices.com<\/a>, <span style=\"color:#000000\" class=\"tadv-color\">+48&nbsp;604 987 849<\/span><\/td><\/tr><tr><td><strong><span style=\"color:#000000\" class=\"tadv-color\">Introduction<\/span><\/strong><\/td><td><span style=\"color:#000000\" class=\"tadv-color\">Silesia Devices is an engineering company that deals with digital design services for ASIC \/ FPGA. It designs and sells IP cores of microcontrollers and peripherals for serial interface control and memory cache support during seven years of operation. At the same time, the company provides design services to various significant companies from the electronics industry.<\/span><\/td><\/tr><tr><td><strong><span style=\"color:#000000\" class=\"tadv-color\">Background<\/span><\/strong><\/td><td><span style=\"color:#000000\" class=\"tadv-color\">Co-financed in the Eurostars-2 competition as part of the EUREKA and European Union initiative, in a consortium with two other European companies, Silesia Devices participates in the project &#8220;Tell multiple stories with a single camera &#8211; leveraging AI and FPGAs for 4x real-time cinematography&#8221;. As part of this project, Silesia Devices is responsible for designing, evaluating, and testing the hardware part of image processing. To optimize the project&#8217;s time and costs, the purchase of a license for virtual components (IP cores) of two controllers: MJPEG encoder and Ethernet controller, which are the subject of this RFP, was planned.<\/span><\/td><\/tr><tr><td><strong><span style=\"color:#000000\" class=\"tadv-color\">Order description<\/span><\/strong><\/td><td><span style=\"color:#000000\" class=\"tadv-color\"><strong>1. The subject of this request are IP cores of the following modules:<\/strong><\/span><br><span style=\"color:#000000\" class=\"tadv-color\">a. MJPEG encoder allowing to compress a video stream with 1080p 60fps parameters in real-time on Xilinx Kintex7\/Ultrascale FPGA. The encoder must support bit-rate control, programmable quantization tables, and the following subsampling formats: 4:4:4, 4:2:0, and 4:2:2, <\/span><br><span style=\"color:#000000\" class=\"tadv-color\">b. a 1Gbps Ethernet controller supporting the following functionalities: simultaneous UDPI\/IP streaming of 4 compressed MJPEG streams, UDP\/IP encapsulation, DHCP (client), ICMP, IGMPv3 and unicast, ARP, and a network server module that enables support of a simple Application Programming Interface (API). <\/span><br><span style=\"color:#000000\" class=\"tadv-color\"><strong>2. Both controllers shall:<\/strong> <\/span><br><span style=\"color:#000000\" class=\"tadv-color\">a. be easily integrated with the Xilinx Microblaze processor via the AMBA AHB\/APB interface for control and configuration purposes, <\/span><br><span style=\"color:#000000\" class=\"tadv-color\">b. enable data streaming via the AXI interface, <\/span><br><span style=\"color:#000000\" class=\"tadv-color\">c. minimal CPU involvement, <\/span><br><span style=\"color:#000000\" class=\"tadv-color\">d. be covered by warranty and technical support for a minimum of one year from the date of purchase.<\/span><\/td><\/tr><tr><td><strong><span style=\"color:#000000\" class=\"tadv-color\">Deliverables<\/span><\/strong><\/td><td><span style=\"color:#000000\" class=\"tadv-color\">1. Xilinx FPGA netlist. <br>2. User manual. <br>3. Verilog testbench. <br>4. Example design.<\/span><\/td><\/tr><tr><td><strong><span style=\"color:#000000\" class=\"tadv-color\">Delivery date<\/span><\/strong><\/td><td><span style=\"color:#000000\" class=\"tadv-color\">December 31<sup>st<\/sup>, 2020<\/span><\/td><\/tr><tr><td><strong><span style=\"color:#000000\" class=\"tadv-color\">Offers evaluation criteria<\/span><\/strong><\/td><td><span style=\"color:#000000\" class=\"tadv-color\">1. Offer must meet the requirements set out above. <br>2. Price criterion. <br>3. Complexity offer criterion. The offer may only be for one module (MJPEG encoder or Ethernet controller), but if the bidder proposes both modules at the total price equal to or less than the lowest total cost of purchasing both modules from two different bidders, then the entity supplying both modules wins.<\/span><\/td><\/tr><tr><td><strong><span style=\"color:#000000\" class=\"tadv-color\">Additional reservation<\/span><\/strong><\/td><td><span style=\"color:#000000\" class=\"tadv-color\">1. The ordering party reserves the right to withdraw or cancel the RFP without giving reasons. <\/span><br><span style=\"color:#000000\" class=\"tadv-color\">2. The bidders will be informed about the competition results by email.<\/span><\/td><\/tr><\/tbody><\/table><\/figure>\n\n\n\n<p><\/p>\n\n\n\n<p class=\"has-text-align-center\"><strong><span style=\"color:#000000\" class=\"tadv-color\">Zapytanie ofertowe<br>dotycz\u0105ce<br>komponent\u00f3w wirtualnych (IP cores) kodera MJPEG and kontrolera Ethernet<\/span><\/strong><\/p>\n\n\n\n<figure class=\"wp-block-table\"><table><tbody><tr><td><strong><span style=\"color:#000000\" class=\"tadv-color\">Zamawiaj\u0105cy<\/span><\/strong><\/td><td><span style=\"color:#000000\" class=\"tadv-color\">Biuro Projektowo-Us\u0142ugowe Silesia Devices Sp. z o.o.<\/span><br><span style=\"color:#000000\" class=\"tadv-color\">ul. Ko\u015bciuszki 26\/7, 40-048 Katowice, Polska<\/span><\/td><\/tr><tr><td><strong><span style=\"color:#000000\" class=\"tadv-color\">Data wydania<\/span><\/strong><\/td><td><span style=\"color:#000000\" class=\"tadv-color\">5 grudnia 2020<\/span><\/td><\/tr><tr><td><strong><span style=\"color:#000000\" class=\"tadv-color\">Termin sk\u0142adania ofert<\/span><\/strong><\/td><td><span style=\"color:#000000\" class=\"tadv-color\">15 grudnia 2020<\/span><\/td><\/tr><tr><td><strong><span style=\"color:#000000\" class=\"tadv-color\">Sk\u0142adanie ofert do<\/span><\/strong><\/td><td><a href=\"mailto:jacek.tyminski@silesia-devices.com\">jacek.tyminski@silesia-devices.com<\/a> <span style=\"color:#000000\" class=\"tadv-color\">(Jacek Tyminski)<\/span><\/td><\/tr><tr><td><strong><span style=\"color:#000000\" class=\"tadv-color\">Kontakt w sprawie dodatkowych informacji:<\/span><\/strong><\/td><td><span style=\"color:#000000\" class=\"tadv-color\">Og\u00f3lny:<br>info@silesia-devices.com<br>Sprawy formalne:<br>Jacek Tyminski, <\/span><a href=\"mailto:jacek.tyminski@silesia-devices.com\">jacek.tyminski@silesia-devices.com<\/a>, <span style=\"color:#000000\" class=\"tadv-color\">+48&nbsp;604&nbsp;987&nbsp;859<br>Informacje techniczne:<br>Maciej Pyka,<\/span> <a href=\"mailto:maciej.pyka@silesia-devices.com\">maciej.pyka@silesia-devices.com<\/a><span style=\"color:#000000\" class=\"tadv-color\">, +48&nbsp;604 987 849<\/span><\/td><\/tr><tr><td><strong><span style=\"color:#000000\" class=\"tadv-color\">Wst\u0119p<\/span><\/strong><\/td><td><span style=\"color:#000000\" class=\"tadv-color\">Silesia Devices jest firm\u0105 in\u017cyniersk\u0105 zajmuj\u0105c\u0105 si\u0119 uk\u0142adami cyfrowymi dla technologii ASIC i FPGA. Od siedmiu lat projektuje i sprzedaje komponenty wirtualne (IP cores) mikrokontroler\u00f3w oraz peryferii do sterowania interfejs\u00f3w szeregowych i pami\u0119ci cache. Jednocze\u015bnie, \u015bwiadczy us\u0142ugi projektowe r\u00f3\u017cnym znacz\u0105cym przedsi\u0119biorstwom z&nbsp;bran\u017cy elektronicznej<\/span><\/td><\/tr><tr><td><strong><span style=\"color:#000000\" class=\"tadv-color\">Kontekst<\/span><\/strong><\/td><td><span style=\"color:#000000\" class=\"tadv-color\">Wsp\u00f3\u0142finansowana w konkursie Eurostars-2 w ramach inicjatywy EUREKA i&nbsp;Unii Europejskiej, w konsorcjum z dwoma innymi europejskimi przedsi\u0119biorstwami, Silesia Devices bierze udzia\u0142 w projekcie \u201cPrzedstaw jednocze\u015bnie cztery sceny za pomoc\u0105 jednej kamery, u\u017cywaj\u0105c sztucznej inteligencji i&nbsp;uk\u0142ad\u00f3w FPGA.\u201d W ramach tego projektu Silesia Devices jest odpowiedzialna za zaprojektowanie, ewaluacj\u0119 i testowanie cz\u0119\u015bci sprz\u0119towej przetwarzania obrazu. W celu zoptymalizowania czasu i&nbsp;koszt\u00f3w projektu zaplanowany zosta\u0142 zakup licencji na komponenty wirtualne (IP cores) dw\u00f3ch kontroler\u00f3w: kodera MJPEG i kontrolera Ethernet, kt\u00f3re s\u0105 przedmiotem tego zapytania.<\/span><\/td><\/tr><tr><td><strong><span style=\"color:#000000\" class=\"tadv-color\">Opis zam\u00f3wienia<\/span><\/strong><\/td><td><span style=\"color:#000000\" class=\"tadv-color\"><strong>1. Przedmiotem zam\u00f3wienia ofertowego s\u0105 komponenty wirtualne (IP&nbsp;cores) nast\u0119puj\u0105cych modu\u0142\u00f3w:<\/strong> <\/span><br><span style=\"color:#000000\" class=\"tadv-color\">a. koder MJPEG umo\u017cliwiaj\u0105cy kompresj\u0119 strumienia video o&nbsp;parametrach 1080p 60fps w czasie rzeczywistym w uk\u0142adzie FPGA Kintex7\/Ultrascale. Koder musi obs\u0142ugiwa\u0107 sterowanie przep\u0142ywno\u015bci\u0105, programowalne tabele kwantyzacji i nast\u0119puj\u0105ce formaty pr\u00f3bkowania chrominancji:: 4: 4: 4, 4: 2: 0 i 4: 2: 2, <\/span><br><span style=\"color:#000000\" class=\"tadv-color\">b. kontroler Ethernet 1Gbps obs\u0142uguj\u0105cy nast\u0119puj\u0105ce funkcjonalno\u015bci: jednoczesne przesy\u0142anie strumieniowe UDPI \/ IP 4 skompresowanych strumieni MJPEG, enkapsulacja UDP \/ IP, DHCP (klient), ICMP, IGMPv3 i&nbsp;unicast, ARP oraz modu\u0142 serwera sieciowego, kt\u00f3ry umo\u017cliwia obs\u0142ug\u0119 prostego interfejsu programowania aplikacji (API).<\/span><br><span style=\"color:#000000\" class=\"tadv-color\"><strong>2. Oba modu\u0142y powinny:<\/strong> <\/span><br><span style=\"color:#000000\" class=\"tadv-color\">a. umo\u017cliwia\u0107 \u0142atw\u0105 integracj\u0119 z procesorem Xilinx Microblaze za po\u015brednictwem interfejsu AMBA AHB \/ APB do cel\u00f3w sterowania i&nbsp;konfiguracji, <\/span><br><span style=\"color:#000000\" class=\"tadv-color\">b. umo\u017cliwia\u0107 przesy\u0142anie danych przez interfejs AXI, <\/span><br><span style=\"color:#000000\" class=\"tadv-color\">c. minimalne anga\u017cowa\u0107 procesor, <\/span><br><span style=\"color:#000000\" class=\"tadv-color\">d. by\u0107 obj\u0119te gwarancj\u0105 i wsparciem technicznym przez co najmniej rok od daty zakupu.<\/span><\/td><\/tr><tr><td><strong><span style=\"color:#000000\" class=\"tadv-color\">Elementy dostawy<\/span><\/strong><\/td><td><span style=\"color:#000000\" class=\"tadv-color\">1. Netlista dla uk\u0142adu FPGA firmy Xilinx. <\/span><br><span style=\"color:#000000\" class=\"tadv-color\">2. Instrukcja obs\u0142ugi. <\/span><br><span style=\"color:#000000\" class=\"tadv-color\">3. \u015arodowisko testowe w j\u0119zyku Verilog.<br>4. Przyk\u0142adowy projekt.<\/span><\/td><\/tr><tr><td><strong><span style=\"color:#000000\" class=\"tadv-color\">Termin dostawy<\/span><\/strong><\/td><td><span style=\"color:#000000\" class=\"tadv-color\">31 grudnia 2020<\/span><\/td><\/tr><tr><td><strong><span style=\"color:#000000\" class=\"tadv-color\">Kryteria oceny ofert<\/span><\/strong><\/td><td><span style=\"color:#000000\" class=\"tadv-color\">1. Oferta musi spe\u0142nia\u0107 wszystkie wymogi wymienione powy\u017cej. <\/span><br><span style=\"color:#000000\" class=\"tadv-color\">2. Kryterium cenowe. <\/span><br><span style=\"color:#000000\" class=\"tadv-color\">3. Kryterium kompleksowo\u015bci oferty. Oferta mo\u017ce dotyczy\u0107 tylko jednego modu\u0142u (kodera MPEG albo kontrolera Ethernet), ale pierwsze\u0144stwo ma oferta obu kontroler\u00f3w je\u015bli jej kwota jest r\u00f3wna lub ni\u017csza najni\u017cszemu kosztowi zakupu obu modu\u0142\u00f3w u dw\u00f3ch r\u00f3\u017cnych dostawc\u00f3w.<\/span><\/td><\/tr><tr><td><strong><span style=\"color:#000000\" class=\"tadv-color\">Zastrze\u017cenia<\/span><\/strong><\/td><td><span style=\"color:#000000\" class=\"tadv-color\">1. Zamawiaj\u0105cy zastrzega sobie prawo do odst\u0105pienia lub anulowania zapytania ofertowego bez podania przyczyn. <\/span><br><span style=\"color:#000000\" class=\"tadv-color\">2. O wyniku post\u0119powania oferenci b\u0119d\u0105 powiadomieni drog\u0105 elektroniczn\u0105.<\/span><\/td><\/tr><\/tbody><\/table><\/figure>\n","protected":false},"excerpt":{"rendered":"<p>Biuro Projektowo-Us\u0142ugowe&nbsp;&nbsp;&nbsp;&nbsp;&nbsp;&nbsp;&nbsp;&nbsp; &nbsp;&nbsp;&nbsp;&nbsp;&nbsp;&nbsp;&nbsp;&nbsp;&nbsp; &nbsp;&nbsp;&nbsp;&nbsp;&nbsp;&nbsp;&nbsp;&nbsp; &nbsp;&nbsp;&nbsp;&nbsp;&nbsp;&nbsp;&nbsp;&nbsp;&nbsp;&nbsp;&nbsp;&nbsp;&nbsp;&nbsp;&nbsp; &nbsp;&nbsp;&nbsp;&nbsp;&nbsp; Katowice 17.12.2020Silesia Devices Sp. z o.o.ul. Ko\u015bciuszki 26\/7,40-048 Katowice, Polska Information on the result of the tender procedure As a result of the inquiry procedure of December 5th, 2020, for the purchase of virtual components (IP cores) of the MJPEG encoder and Ethernet controller for the project &#8220;Tell multiple [&hellip;]<\/p>\n","protected":false},"author":1,"featured_media":0,"parent":0,"menu_order":0,"comment_status":"closed","ping_status":"closed","template":"","meta":{"ocean_post_layout":"full-screen","ocean_both_sidebars_style":"","ocean_both_sidebars_content_width":0,"ocean_both_sidebars_sidebars_width":0,"ocean_sidebar":"0","ocean_second_sidebar":"0","ocean_disable_margins":"enable","ocean_add_body_class":"","ocean_shortcode_before_top_bar":"","ocean_shortcode_after_top_bar":"","ocean_shortcode_before_header":"","ocean_shortcode_after_header":"","ocean_has_shortcode":"","ocean_shortcode_after_title":"","ocean_shortcode_before_footer_widgets":"","ocean_shortcode_after_footer_widgets":"","ocean_shortcode_before_footer_bottom":"","ocean_shortcode_after_footer_bottom":"","ocean_display_top_bar":"off","ocean_display_header":"default","ocean_header_style":"","ocean_center_header_left_menu":"0","ocean_custom_header_template":"0","ocean_custom_logo":0,"ocean_custom_retina_logo":0,"ocean_custom_logo_max_width":0,"ocean_custom_logo_tablet_max_width":0,"ocean_custom_logo_mobile_max_width":0,"ocean_custom_logo_max_height":0,"ocean_custom_logo_tablet_max_height":0,"ocean_custom_logo_mobile_max_height":0,"ocean_header_custom_menu":"0","ocean_menu_typo_font_family":"0","ocean_menu_typo_font_subset":"","ocean_menu_typo_font_size":0,"ocean_menu_typo_font_size_tablet":0,"ocean_menu_typo_font_size_mobile":0,"ocean_menu_typo_font_size_unit":"px","ocean_menu_typo_font_weight":"","ocean_menu_typo_font_weight_tablet":"","ocean_menu_typo_font_weight_mobile":"","ocean_menu_typo_transform":"","ocean_menu_typo_transform_tablet":"","ocean_menu_typo_transform_mobile":"","ocean_menu_typo_line_height":0,"ocean_menu_typo_line_height_tablet":0,"ocean_menu_typo_line_height_mobile":0,"ocean_menu_typo_line_height_unit":"","ocean_menu_typo_spacing":0,"ocean_menu_typo_spacing_tablet":0,"ocean_menu_typo_spacing_mobile":0,"ocean_menu_typo_spacing_unit":"","ocean_menu_link_color":"","ocean_menu_link_color_hover":"","ocean_menu_link_color_active":"","ocean_menu_link_background":"","ocean_menu_link_hover_background":"","ocean_menu_link_active_background":"","ocean_menu_social_links_bg":"","ocean_menu_social_hover_links_bg":"","ocean_menu_social_links_color":"","ocean_menu_social_hover_links_color":"","ocean_disable_title":"on","ocean_disable_heading":"default","ocean_post_title":"","ocean_post_subheading":"","ocean_post_title_style":"","ocean_post_title_background_color":"","ocean_post_title_background":0,"ocean_post_title_bg_image_position":"","ocean_post_title_bg_image_attachment":"","ocean_post_title_bg_image_repeat":"","ocean_post_title_bg_image_size":"","ocean_post_title_height":0,"ocean_post_title_bg_overlay":0.5,"ocean_post_title_bg_overlay_color":"","ocean_disable_breadcrumbs":"default","ocean_breadcrumbs_color":"","ocean_breadcrumbs_separator_color":"","ocean_breadcrumbs_links_color":"","ocean_breadcrumbs_links_hover_color":"","ocean_display_footer_widgets":"off","ocean_display_footer_bottom":"off","ocean_custom_footer_template":"0","footnotes":""},"class_list":["post-211","page","type-page","status-publish","hentry","entry"],"_links":{"self":[{"href":"https:\/\/silesia-devices.com\/index.php\/wp-json\/wp\/v2\/pages\/211","targetHints":{"allow":["GET"]}}],"collection":[{"href":"https:\/\/silesia-devices.com\/index.php\/wp-json\/wp\/v2\/pages"}],"about":[{"href":"https:\/\/silesia-devices.com\/index.php\/wp-json\/wp\/v2\/types\/page"}],"author":[{"embeddable":true,"href":"https:\/\/silesia-devices.com\/index.php\/wp-json\/wp\/v2\/users\/1"}],"replies":[{"embeddable":true,"href":"https:\/\/silesia-devices.com\/index.php\/wp-json\/wp\/v2\/comments?post=211"}],"version-history":[{"count":1,"href":"https:\/\/silesia-devices.com\/index.php\/wp-json\/wp\/v2\/pages\/211\/revisions"}],"predecessor-version":[{"id":226,"href":"https:\/\/silesia-devices.com\/index.php\/wp-json\/wp\/v2\/pages\/211\/revisions\/226"}],"wp:attachment":[{"href":"https:\/\/silesia-devices.com\/index.php\/wp-json\/wp\/v2\/media?parent=211"}],"curies":[{"name":"wp","href":"https:\/\/api.w.org\/{rel}","templated":true}]}}